{"id":104,"date":"2023-04-06T14:49:16","date_gmt":"2023-04-06T14:49:16","guid":{"rendered":"https:\/\/healthpros-h2020.eu\/?page_id=104"},"modified":"2023-04-06T14:49:17","modified_gmt":"2023-04-06T14:49:17","slug":"principal-investigators","status":"publish","type":"page","link":"https:\/\/healthpros-h2020.eu\/?page_id=104","title":{"rendered":"PRINCIPAL INVESTIGATORS"},"content":{"rendered":"\n<p class=\"has-medium-font-size\"><strong>Academic Medical Center:<\/strong><\/p>\n\n\n\n<div class=\"wp-block-columns is-layout-flex wp-container-core-columns-is-layout-2 wp-block-columns-is-layout-flex\">\n<div class=\"wp-block-column is-layout-flow wp-block-column-is-layout-flow\" style=\"flex-basis:20%\">\n<figure class=\"wp-block-image aligncenter size-full is-resized\"><img loading=\"lazy\" decoding=\"async\" src=\"https:\/\/healthpros-h2020.eu\/wp-content\/uploads\/2023\/04\/Niek2.jpg\" alt=\"\" class=\"wp-image-119\" width=\"124\" height=\"137\"\/><\/figure>\n\n\n\n<div class=\"wp-block-columns is-layout-flex wp-container-core-columns-is-layout-1 wp-block-columns-is-layout-flex\">\n<div class=\"wp-block-column is-layout-flow wp-block-column-is-layout-flow\">\n<figure class=\"wp-block-image size-full is-resized\"><a href=\"https:\/\/next.amc.nl\/web\/research-amc\/department\/prof.-dr.-n.s.-klazinga.htm\" target=\"_blank\" rel=\"noreferrer noopener\"><img loading=\"lazy\" decoding=\"async\" src=\"https:\/\/healthpros-h2020.eu\/wp-content\/uploads\/2023\/04\/www.png\" alt=\"\" class=\"wp-image-83\" width=\"36\" height=\"36\" srcset=\"https:\/\/healthpros-h2020.eu\/wp-content\/uploads\/2023\/04\/www.png 225w, https:\/\/healthpros-h2020.eu\/wp-content\/uploads\/2023\/04\/www-150x150.png 150w\" sizes=\"auto, (max-width: 36px) 100vw, 36px\" \/><\/a><\/figure>\n<\/div>\n\n\n\n<div class=\"wp-block-column is-layout-flow wp-block-column-is-layout-flow\">\n<figure class=\"wp-block-image size-large is-resized\"><a href=\"https:\/\/www.linkedin.com\/in\/niekklazinga\/\" target=\"_blank\" rel=\"noreferrer noopener\"><img loading=\"lazy\" decoding=\"async\" src=\"https:\/\/healthpros-h2020.eu\/wp-content\/uploads\/2023\/04\/linkedin-1024x1024.png\" alt=\"\" class=\"wp-image-76\" width=\"35\" height=\"35\" srcset=\"https:\/\/healthpros-h2020.eu\/wp-content\/uploads\/2023\/04\/linkedin-1024x1024.png 1024w, https:\/\/healthpros-h2020.eu\/wp-content\/uploads\/2023\/04\/linkedin-300x300.png 300w, https:\/\/healthpros-h2020.eu\/wp-content\/uploads\/2023\/04\/linkedin-150x150.png 150w, https:\/\/healthpros-h2020.eu\/wp-content\/uploads\/2023\/04\/linkedin-768x768.png 768w, https:\/\/healthpros-h2020.eu\/wp-content\/uploads\/2023\/04\/linkedin-1536x1536.png 1536w, https:\/\/healthpros-h2020.eu\/wp-content\/uploads\/2023\/04\/linkedin.png 2000w\" sizes=\"auto, (max-width: 35px) 100vw, 35px\" \/><\/a><\/figure>\n<\/div>\n<\/div>\n<\/div>\n\n\n\n<div class=\"wp-block-column is-layout-flow wp-block-column-is-layout-flow\" style=\"flex-basis:66.66%\">\n<p><strong>Prof. Dr. Niek Klazinga<\/strong>&nbsp;(HealthPros Coordinator)<\/p>\n\n\n\n<p>Professor of Social Medicine at the Department of Public Health of the Academic Medical Centre (AMC) of the University of Amsterdam and the Amsterdam Public Health Research Institute. Head of the Health Care Quality Indicator work of the OECD in Paris. Visiting professor at Corvinus University in Budapest. My research focuses on health system performance assessment, quality of care, health policy evaluation, indicator development and health information systems.<\/p>\n\n\n\n<p>E-mail:&nbsp;<a href=\"mailto:n.s.klazinga@amc.uva.nl\">n.s.klazinga@amc.uva.nl<\/a>&nbsp; Phone:&nbsp;+31(0)20 5664602<\/p>\n<\/div>\n<\/div>\n\n\n\n<div class=\"wp-block-columns is-layout-flex wp-container-core-columns-is-layout-4 wp-block-columns-is-layout-flex\">\n<div class=\"wp-block-column is-layout-flow wp-block-column-is-layout-flow\" style=\"flex-basis:20%\">\n<figure class=\"wp-block-image aligncenter size-full is-resized\"><img loading=\"lazy\" decoding=\"async\" src=\"https:\/\/healthpros-h2020.eu\/wp-content\/uploads\/2023\/04\/Dionne2.png\" alt=\"\" class=\"wp-image-112\" width=\"129\" height=\"174\"\/><\/figure>\n\n\n\n<div class=\"wp-block-columns is-layout-flex wp-container-core-columns-is-layout-3 wp-block-columns-is-layout-flex\">\n<div class=\"wp-block-column is-layout-flow wp-block-column-is-layout-flow\">\n<figure class=\"wp-block-image size-full is-resized\"><a href=\"https:\/\/next.amc.nl\/web\/research-amc\/department\/dr.-d.s.-kringos.htm\" target=\"_blank\" rel=\"noreferrer noopener\"><img loading=\"lazy\" decoding=\"async\" src=\"https:\/\/healthpros-h2020.eu\/wp-content\/uploads\/2023\/04\/www.png\" alt=\"\" class=\"wp-image-83\" width=\"36\" height=\"36\" srcset=\"https:\/\/healthpros-h2020.eu\/wp-content\/uploads\/2023\/04\/www.png 225w, https:\/\/healthpros-h2020.eu\/wp-content\/uploads\/2023\/04\/www-150x150.png 150w\" sizes=\"auto, (max-width: 36px) 100vw, 36px\" \/><\/a><\/figure>\n<\/div>\n\n\n\n<div class=\"wp-block-column is-layout-flow wp-block-column-is-layout-flow\">\n<figure class=\"wp-block-image size-large is-resized\"><a href=\"https:\/\/www.linkedin.com\/in\/dionne-sofia-kringos-pereira-martins-0a5a501a\/\" target=\"_blank\" rel=\"noreferrer noopener\"><img loading=\"lazy\" decoding=\"async\" src=\"https:\/\/healthpros-h2020.eu\/wp-content\/uploads\/2023\/04\/linkedin-1024x1024.png\" alt=\"\" class=\"wp-image-76\" width=\"39\" height=\"39\" srcset=\"https:\/\/healthpros-h2020.eu\/wp-content\/uploads\/2023\/04\/linkedin-1024x1024.png 1024w, https:\/\/healthpros-h2020.eu\/wp-content\/uploads\/2023\/04\/linkedin-300x300.png 300w, https:\/\/healthpros-h2020.eu\/wp-content\/uploads\/2023\/04\/linkedin-150x150.png 150w, https:\/\/healthpros-h2020.eu\/wp-content\/uploads\/2023\/04\/linkedin-768x768.png 768w, https:\/\/healthpros-h2020.eu\/wp-content\/uploads\/2023\/04\/linkedin-1536x1536.png 1536w, https:\/\/healthpros-h2020.eu\/wp-content\/uploads\/2023\/04\/linkedin.png 2000w\" sizes=\"auto, (max-width: 39px) 100vw, 39px\" \/><\/a><\/figure>\n<\/div>\n<\/div>\n<\/div>\n\n\n\n<div class=\"wp-block-column is-layout-flow wp-block-column-is-layout-flow\" style=\"flex-basis:66.66%\">\n<p><strong>Dr. Dionne Kringos \u2013 Pereira Martins<\/strong> (HealthPros Coordinator)<\/p>\n\n\n\n<p>&nbsp;Assistant professor at the Department of Public Health of the Academic Medical Centre (AMC) of the University of Amsterdam and the Amsterdam Public Health Research Institute. Director of the WHO Collaborating Centre for Quality and Equity in Primary Healthcare Systems. My research focuses on (primary) healthcare system development and performance assessment, quality of care, health policy evaluation, health information systems and international comparative health system studies.<\/p>\n\n\n\n<p>E-mail:&nbsp;<a href=\"mailto:d.s.kringos@amc.uva.nl\">d.s.kringos@amc.uva.nl<\/a>&nbsp; &nbsp;Phone: +31(0)20 5664628<\/p>\n<\/div>\n<\/div>\n\n\n\n<p class=\"has-medium-font-size\"><strong>Aalborg University Hospital:<\/strong><\/p>\n\n\n\n<div class=\"wp-block-columns is-layout-flex wp-container-core-columns-is-layout-5 wp-block-columns-is-layout-flex\">\n<div class=\"wp-block-column is-layout-flow wp-block-column-is-layout-flow\" style=\"flex-basis:20%\">\n<figure class=\"wp-block-image aligncenter size-full is-resized\"><img loading=\"lazy\" decoding=\"async\" src=\"https:\/\/healthpros-h2020.eu\/wp-content\/uploads\/2023\/04\/Jan-Mainz.png\" alt=\"\" class=\"wp-image-114\" width=\"134\" height=\"172\"\/><\/figure>\n<\/div>\n\n\n\n<div class=\"wp-block-column is-layout-flow wp-block-column-is-layout-flow\" style=\"flex-basis:66.66%\">\n<p><strong>Professor Jan Mainz, MD., Ph.D, MPA.<\/strong><\/p>\n\n\n\n<p>Professor of Health Services Research at Aalborg University Hospital, Psychiatry, Center for Clinical Health Services Research and visiting professor at Department for Community Mental Health, University of Haifa, Israel. Director of Psychiatry in Region North Denmark.&nbsp;Danish representative in the OECD Health Care Quality Indicator Project since 2002 and member of the OECD Bureau (since 2015 chairman). Former Project Manager was responsible for development of indicators and measurement in The Danish National Indicator Project.&nbsp;He was Chairman of The Nordic Minister Council Project on Indicators Monitoring in the six Nordic countries (Sweden, Norway, Finland, Iceland, Greenland and Denmark) 2002-2015.&nbsp;&nbsp;<\/p>\n\n\n\n<p>My main research activities relates to health services research, quality improvement and quality management, performance and outcome measurement, quality monitoring and patient empowerment.&nbsp; Email:&nbsp;<a href=\"mailto:Jan.Mainz@rn.dk\">Jan.Mainz@rn.dk<\/a>&nbsp;&nbsp;Phone: +4525579033<\/p>\n<\/div>\n<\/div>\n\n\n\n<div class=\"wp-block-columns is-layout-flex wp-container-core-columns-is-layout-6 wp-block-columns-is-layout-flex\">\n<div class=\"wp-block-column is-layout-flow wp-block-column-is-layout-flow\" style=\"flex-basis:20%\">\n<figure class=\"wp-block-image aligncenter size-full is-resized\"><img loading=\"lazy\" decoding=\"async\" src=\"https:\/\/healthpros-h2020.eu\/wp-content\/uploads\/2023\/04\/Soren-Paaske-Johnsen_Klinisk-institut_PQUQ_ID.png\" alt=\"\" class=\"wp-image-123\" width=\"140\" height=\"210\"\/><\/figure>\n<\/div>\n\n\n\n<div class=\"wp-block-column is-layout-flow wp-block-column-is-layout-flow\" style=\"flex-basis:66.66%\">\n<p>P<strong>rofessor S\u00f8ren Paaske Johnsen, consultant, MD, PhD<\/strong> My primary field of interest is health services research and quality of clinical care including use of evidence-based care, effectiveness and safety of interventions and evaluation of quality improvement strategies. The research involves extensive use of health registers, including clinical quality databases and administrative registers. <\/p>\n\n\n\n<p>E-mail:&nbsp;<a href=\"mailto:soeren.johnsen@rn.dk\">soeren.johnsen@rn.dk<\/a><\/p>\n<\/div>\n<\/div>\n\n\n\n<p class=\"has-medium-font-size\"><strong>University of Surrey\/University of Oxford:<\/strong><\/p>\n\n\n\n<div class=\"wp-block-columns is-layout-flex wp-container-core-columns-is-layout-8 wp-block-columns-is-layout-flex\">\n<div class=\"wp-block-column is-layout-flow wp-block-column-is-layout-flow\" style=\"flex-basis:20%\">\n<figure class=\"wp-block-image aligncenter size-full is-resized\"><img loading=\"lazy\" decoding=\"async\" src=\"https:\/\/healthpros-h2020.eu\/wp-content\/uploads\/2023\/04\/250x338Simon.png\" alt=\"\" class=\"wp-image-105\" width=\"158\" height=\"214\"\/><\/figure>\n\n\n\n<div class=\"wp-block-columns is-layout-flex wp-container-core-columns-is-layout-7 wp-block-columns-is-layout-flex\">\n<div class=\"wp-block-column is-layout-flow wp-block-column-is-layout-flow\">\n<figure class=\"wp-block-image size-full is-resized\"><a href=\"https:\/\/www.phc.ox.ac.uk\/team\/simon-de-lusignan\" target=\"_blank\" rel=\"noreferrer noopener\"><img loading=\"lazy\" decoding=\"async\" src=\"https:\/\/healthpros-h2020.eu\/wp-content\/uploads\/2023\/04\/www.png\" alt=\"\" class=\"wp-image-83\" width=\"46\" height=\"46\" srcset=\"https:\/\/healthpros-h2020.eu\/wp-content\/uploads\/2023\/04\/www.png 225w, https:\/\/healthpros-h2020.eu\/wp-content\/uploads\/2023\/04\/www-150x150.png 150w\" sizes=\"auto, (max-width: 46px) 100vw, 46px\" \/><\/a><\/figure>\n\n\n\n<p>Simon<\/p>\n<\/div>\n\n\n\n<div class=\"wp-block-column is-layout-flow wp-block-column-is-layout-flow\">\n<figure class=\"wp-block-image size-full is-resized\"><a href=\"https:\/\/orchid.phc.ox.ac.uk\/\" target=\"_blank\" rel=\"noreferrer noopener\"><img loading=\"lazy\" decoding=\"async\" src=\"https:\/\/healthpros-h2020.eu\/wp-content\/uploads\/2023\/04\/www.png\" alt=\"\" class=\"wp-image-83\" width=\"46\" height=\"46\" srcset=\"https:\/\/healthpros-h2020.eu\/wp-content\/uploads\/2023\/04\/www.png 225w, https:\/\/healthpros-h2020.eu\/wp-content\/uploads\/2023\/04\/www-150x150.png 150w\" sizes=\"auto, (max-width: 46px) 100vw, 46px\" \/><\/a><\/figure>\n\n\n\n<p>Research group<\/p>\n<\/div>\n<\/div>\n<\/div>\n\n\n\n<div class=\"wp-block-column is-layout-flow wp-block-column-is-layout-flow\" style=\"flex-basis:66.66%\">\n<p><strong>Professor Simon de Lusignan<\/strong><\/p>\n\n\n\n<p>Senior academic general practitioner; Head of the Department of Clinical and Experimental Medicine at University of Surrey, Director of the Royal College of General Practitioners (RCGP) Research and Surveillance Centre (RSC); the National GP surveillance system for respiratory and other conditions (<a href=\"http:\/\/www.rcgp.org.uk\/rsc\">www.rcgp.org.uk\/rsc<\/a>)\u00a0\u00a0<\/p>\n\n\n\n<p>My interests span across surveillance, quality improvement and research \u2013 principally using large databases.\u00a0 Diabetes is one of my key areas of research \u2013 a recent example is:\u00a0<a href=\"http:\/\/care.diabetesjournals.org\/content\/40\/11\/1486.long\">http:\/\/care.diabetesjournals.org\/content\/40\/11\/1486.long<\/a>.\u00a0<\/p>\n\n\n\n<p>E-mail:\u00a0<a href=\"mailto:simon.delusignan@phc.ox.ac.uk\">simon.delusignan@phc.ox.ac.uk<\/a>\u00a0 OR Carly Dyer (PA) \u00a0<a href=\"mailto:simon.delusignanpa@phc.ox.ac.uk\">simon.delusignanpa@phc.ox.ac.uk<\/a>\u00a0\u00a0<\/p>\n<\/div>\n<\/div>\n\n\n\n<div class=\"wp-block-columns is-layout-flex wp-container-core-columns-is-layout-9 wp-block-columns-is-layout-flex\">\n<div class=\"wp-block-column is-layout-flow wp-block-column-is-layout-flow\" style=\"flex-basis:20%\">\n<figure class=\"wp-block-image aligncenter size-full is-resized\"><img loading=\"lazy\" decoding=\"async\" src=\"https:\/\/healthpros-h2020.eu\/wp-content\/uploads\/2023\/04\/carinci_2_small.jpg\" alt=\"\" class=\"wp-image-127\" width=\"164\" height=\"227\" srcset=\"https:\/\/healthpros-h2020.eu\/wp-content\/uploads\/2023\/04\/carinci_2_small.jpg 250w, https:\/\/healthpros-h2020.eu\/wp-content\/uploads\/2023\/04\/carinci_2_small-216x300.jpg 216w\" sizes=\"auto, (max-width: 164px) 100vw, 164px\" \/><\/figure>\n\n\n\n<figure class=\"wp-block-image size-full is-resized\"><a href=\"https:\/\/www.unibo.it\/sitoweb\/fabrizio.carinci\/en\" target=\"_blank\" rel=\"noreferrer noopener\"><img loading=\"lazy\" decoding=\"async\" src=\"https:\/\/healthpros-h2020.eu\/wp-content\/uploads\/2023\/04\/www.png\" alt=\"\" class=\"wp-image-83\" width=\"46\" height=\"46\" srcset=\"https:\/\/healthpros-h2020.eu\/wp-content\/uploads\/2023\/04\/www.png 225w, https:\/\/healthpros-h2020.eu\/wp-content\/uploads\/2023\/04\/www-150x150.png 150w\" sizes=\"auto, (max-width: 46px) 100vw, 46px\" \/><\/a><\/figure>\n<\/div>\n\n\n\n<div class=\"wp-block-column is-layout-flow wp-block-column-is-layout-flow\" style=\"flex-basis:66.66%\">\n<p><strong>Adjunct Professor Fabrizio Carinci<\/strong><\/p>\n\n\n\n<p>Teaching Methods and Tools for Health Statistics at the Department of Statistical Sciences, University of Bologna.&nbsp;Scientific Director of the Italian National Covid-19 Portal at AGENAS and Member of the OECD Working Party of Health Statistics. A statistical and economical sciences graduate from the University of Bologna with over 25 years of international experience using biostatistics for health research and policy.&nbsp;An Italian and Australian citizen, he has worked extensively throughout Europe, US, UK and Australia, with a particular interest in diabetes. Since 2004, he has been Technical Coordinator of the EU Consortia BIRO and EUBIROD, currently active as EUBIROD network (www.eubirod.eu). Since 2017, he has been co-Chair of the ICHOM Working Group for a Standard Set in Diabetes.<\/p>\n\n\n\n<p>Between 2015-2017 he has worked as a Full Professor and Lead for International at the School of Health Sciences, University of Surrey, UK. In this position, he has been an associated partner of the EU Bridge-Health project and an international expert for the Department of Health Policy and Planning of&nbsp;the Italian Ministry of Health, which he has supported in OECD data collections to produce various reports and new standardized definitions of amputation rates in diabetes, included for the first time in Health at a Glance 2015.<\/p>\n\n\n\n<p>E-mail:&nbsp;<a href=\"mailto:fabrizio.carinci@unibo.it\">fabrizio.carinci@unibo.it<\/a><\/p>\n<\/div>\n<\/div>\n\n\n\n<p class=\"has-medium-font-size\"><strong>Optimedis AG:<\/strong><\/p>\n\n\n\n<div class=\"wp-block-columns is-layout-flex wp-container-core-columns-is-layout-10 wp-block-columns-is-layout-flex\">\n<div class=\"wp-block-column is-layout-flow wp-block-column-is-layout-flow\" style=\"flex-basis:20%\">\n<figure class=\"wp-block-image aligncenter size-full is-resized\"><img loading=\"lazy\" decoding=\"async\" src=\"https:\/\/healthpros-h2020.eu\/wp-content\/uploads\/2023\/04\/400x400Oliver_2_2016.jpg\" alt=\"\" class=\"wp-image-107\" width=\"162\" height=\"162\" srcset=\"https:\/\/healthpros-h2020.eu\/wp-content\/uploads\/2023\/04\/400x400Oliver_2_2016.jpg 300w, https:\/\/healthpros-h2020.eu\/wp-content\/uploads\/2023\/04\/400x400Oliver_2_2016-150x150.jpg 150w\" sizes=\"auto, (max-width: 162px) 100vw, 162px\" \/><\/figure>\n\n\n\n<figure class=\"wp-block-image size-full is-resized\"><a href=\"https:\/\/www.linkedin.com\/in\/olivergroene\/\" target=\"_blank\" rel=\"noreferrer noopener\"><img loading=\"lazy\" decoding=\"async\" src=\"https:\/\/healthpros-h2020.eu\/wp-content\/uploads\/2023\/04\/www.png\" alt=\"\" class=\"wp-image-83\" width=\"48\" height=\"48\" srcset=\"https:\/\/healthpros-h2020.eu\/wp-content\/uploads\/2023\/04\/www.png 225w, https:\/\/healthpros-h2020.eu\/wp-content\/uploads\/2023\/04\/www-150x150.png 150w\" sizes=\"auto, (max-width: 48px) 100vw, 48px\" \/><\/a><\/figure>\n<\/div>\n\n\n\n<div class=\"wp-block-column is-layout-flow wp-block-column-is-layout-flow\" style=\"flex-basis:66.66%\">\n<p><strong>Dr. Oliver Gr\u00f6ne,&nbsp;Vice Chairman of the Boardat OptiMedis AG<\/strong><\/p>\n\n\n\n<p>OptiMedis AG&nbsp;a population health management company pursuing the Triple Aim. My main area of expertise is in designing and implementing large scale systems to monitor health care quality and identifying systems and interventions that improve population health. I am curious to learn about, develop and apply methodological approaches that are relevant to improving performance and population health \u2013 with a the focus not simply on studying these issues but applying the best available scientific methods and evidence to make a significant change to the people and populations we serve.<\/p>\n\n\n\n<p>E-mail:&nbsp;&nbsp;<a href=\"mailto:o.groene@optimedis.de\">o.groene@optimedis.de<\/a>&nbsp; &nbsp;Phone:&nbsp;Tel.:+49 40 22621149-0<\/p>\n<\/div>\n<\/div>\n\n\n\n<p class=\"has-medium-font-size\"><strong>Scuola Superiore Sant\u2019Anna:<\/strong><\/p>\n\n\n\n<div class=\"wp-block-columns is-layout-flex wp-container-core-columns-is-layout-11 wp-block-columns-is-layout-flex\">\n<div class=\"wp-block-column is-layout-flow wp-block-column-is-layout-flow\" style=\"flex-basis:20%\">\n<figure class=\"wp-block-image aligncenter size-full is-resized\"><img loading=\"lazy\" decoding=\"async\" src=\"https:\/\/healthpros-h2020.eu\/wp-content\/uploads\/2023\/04\/sabina-nuti.png\" alt=\"\" class=\"wp-image-121\" width=\"168\" height=\"168\" srcset=\"https:\/\/healthpros-h2020.eu\/wp-content\/uploads\/2023\/04\/sabina-nuti.png 253w, https:\/\/healthpros-h2020.eu\/wp-content\/uploads\/2023\/04\/sabina-nuti-150x150.png 150w\" sizes=\"auto, (max-width: 168px) 100vw, 168px\" \/><\/figure>\n<\/div>\n\n\n\n<div class=\"wp-block-column is-layout-flow wp-block-column-is-layout-flow\" style=\"flex-basis:66.66%\">\n<p><strong>Professor Sabina Nuti<\/strong><\/p>\n\n\n\n<p>Full Professor of Health Management at Sant&#8217;Anna School of Advanced Studies, Director of the Laboratorio Management e Sanit\u00e0, within the Management Institute, in Pisa. My research focuses on performance evaluation systems in the healthcare sector, avoidable variation, priorities and target setting,\u00a0managerial tools for \u00a0public governance systems. <\/p>\n\n\n\n<p>E-mail:\u00a0<a href=\"mailto:s.nuti@sssup.it\">s.nuti@sssup.it<\/a><\/p>\n<\/div>\n<\/div>\n\n\n\n<div class=\"wp-block-columns is-layout-flex wp-container-core-columns-is-layout-12 wp-block-columns-is-layout-flex\">\n<div class=\"wp-block-column is-layout-flow wp-block-column-is-layout-flow\" style=\"flex-basis:20%\">\n<figure class=\"wp-block-image aligncenter size-full is-resized\"><img loading=\"lazy\" decoding=\"async\" src=\"https:\/\/healthpros-h2020.eu\/wp-content\/uploads\/2023\/04\/murante.png\" alt=\"\" class=\"wp-image-118\" width=\"172\" height=\"140\"\/><\/figure>\n<\/div>\n\n\n\n<div class=\"wp-block-column is-layout-flow wp-block-column-is-layout-flow\" style=\"flex-basis:66.66%\">\n<p><strong>Assistant professor Anna Maria Murante<\/strong><\/p>\n\n\n\n<p>Assistant Professor of Health Management at Sant&#8217;Anna School of Advanced Studies (Laboratorio Management e Sanit\u00e0, within the Management Institute), in Pisa. My research focuses on patient reported measures (satisfaction, experience, outcome), marketing contribution to healthcare sector, and value creation for chonic (or at risk) patients (cancer care, diabetes patients, ageing population, etc).<br>E-mail:\u00a0<a href=\"mailto:annamaria.murante@santannapisa.it\">annamaria.murante@santannapisa.it<\/a><\/p>\n<\/div>\n<\/div>\n\n\n\n<p class=\"has-medium-font-size\"><strong>Corvinus University of Budapest:<\/strong><\/p>\n\n\n\n<div class=\"wp-block-columns is-layout-flex wp-container-core-columns-is-layout-13 wp-block-columns-is-layout-flex\">\n<div class=\"wp-block-column is-layout-flow wp-block-column-is-layout-flow\" style=\"flex-basis:20%\">\n<figure class=\"wp-block-image aligncenter size-full is-resized\"><img loading=\"lazy\" decoding=\"async\" src=\"https:\/\/healthpros-h2020.eu\/wp-content\/uploads\/2023\/04\/400x412lgulacs.jpg\" alt=\"\" class=\"wp-image-108\" width=\"170\" height=\"195\"\/><\/figure>\n\n\n\n<figure class=\"wp-block-image size-full is-resized\"><a href=\"http:\/\/hecon.uni-corvinus.hu\/\" target=\"_blank\" rel=\"noreferrer noopener\"><img loading=\"lazy\" decoding=\"async\" src=\"https:\/\/healthpros-h2020.eu\/wp-content\/uploads\/2023\/04\/www.png\" alt=\"\" class=\"wp-image-83\" width=\"45\" height=\"45\" srcset=\"https:\/\/healthpros-h2020.eu\/wp-content\/uploads\/2023\/04\/www.png 225w, https:\/\/healthpros-h2020.eu\/wp-content\/uploads\/2023\/04\/www-150x150.png 150w\" sizes=\"auto, (max-width: 45px) 100vw, 45px\" \/><\/a><\/figure>\n<\/div>\n\n\n\n<div class=\"wp-block-column is-layout-flow wp-block-column-is-layout-flow\" style=\"flex-basis:66.66%\">\n<p><strong>Prof. L\u00e1szl\u00f3 Gul\u00e1csi<\/strong><\/p>\n\n\n\n<p>Department of Health Economics, Corvinus University of Budapest, Hungary.<\/p>\n\n\n\n<p>My research focuses on disease burden and cost of illness studies in various acute and chronic diseases, pharmacoeconomics; health insurance, quality improvement and pay for performance and on health service research, health policy and financing.<\/p>\n\n\n\n<p>E-mail:\u00a0<a href=\"mailto:laszlo.gulacsi@uni-corvinus.hu\">l<\/a><a href=\"mailto:aszlo.gulacsi@uni-corvinus.hu\">aszlo.gulacsi@uni-corvinus.hu<\/a><\/p>\n<\/div>\n<\/div>\n\n\n\n<div class=\"wp-block-columns is-layout-flex wp-container-core-columns-is-layout-14 wp-block-columns-is-layout-flex\">\n<div class=\"wp-block-column is-layout-flow wp-block-column-is-layout-flow\" style=\"flex-basis:20%\">\n<figure class=\"wp-block-image aligncenter size-full is-resized\"><img loading=\"lazy\" decoding=\"async\" src=\"https:\/\/healthpros-h2020.eu\/wp-content\/uploads\/2023\/04\/petra-baji_small2.png\" alt=\"\" class=\"wp-image-120\" width=\"166\" height=\"249\"\/><\/figure>\n\n\n\n<figure class=\"wp-block-image size-full is-resized\"><a href=\"http:\/\/hecon.uni-corvinus.hu\/\" target=\"_blank\" rel=\"noreferrer noopener\"><img loading=\"lazy\" decoding=\"async\" src=\"https:\/\/healthpros-h2020.eu\/wp-content\/uploads\/2023\/04\/www.png\" alt=\"\" class=\"wp-image-83\" width=\"42\" height=\"42\" srcset=\"https:\/\/healthpros-h2020.eu\/wp-content\/uploads\/2023\/04\/www.png 225w, https:\/\/healthpros-h2020.eu\/wp-content\/uploads\/2023\/04\/www-150x150.png 150w\" sizes=\"auto, (max-width: 42px) 100vw, 42px\" \/><\/a><\/figure>\n<\/div>\n\n\n\n<div class=\"wp-block-column is-layout-flow wp-block-column-is-layout-flow\" style=\"flex-basis:66.66%\">\n<p><strong>Dr. Petra Baji<\/strong><\/p>\n\n\n\n<p>Department of Health Economics, Corvinus University of Budapest, Hungary.<\/p>\n\n\n\n<p>My research focuses on health care financing, health insurance, priority setting in the health care system; out-of-pocket patient payments, informal payments and willingness to pay for health care services; and on the effect of risk perception on health related decisions.<br><br><\/p>\n\n\n\n<p>E-mail:&nbsp;<a href=\"mailto:petra.baji@uni-corvinus.hu\">petra.baji@uni-corvinus.hu<\/a><\/p>\n<\/div>\n<\/div>\n","protected":false},"excerpt":{"rendered":"<p>Academic Medical Center: Prof. Dr. Niek Klazinga&nbsp;(HealthPros Coordinator) Professor of Social Medicine at the Department of Public Health of the<\/p>\n","protected":false},"author":1,"featured_media":0,"parent":0,"menu_order":0,"comment_status":"closed","ping_status":"closed","template":"","meta":{"colormag_page_container_layout":"no_sidebar_full_width","colormag_page_sidebar_layout":"no_sidebar","footnotes":""},"class_list":["post-104","page","type-page","status-publish","hentry"],"_links":{"self":[{"href":"https:\/\/healthpros-h2020.eu\/index.php?rest_route=\/wp\/v2\/pages\/104","targetHints":{"allow":["GET"]}}],"collection":[{"href":"https:\/\/healthpros-h2020.eu\/index.php?rest_route=\/wp\/v2\/pages"}],"about":[{"href":"https:\/\/healthpros-h2020.eu\/index.php?rest_route=\/wp\/v2\/types\/page"}],"author":[{"embeddable":true,"href":"https:\/\/healthpros-h2020.eu\/index.php?rest_route=\/wp\/v2\/users\/1"}],"replies":[{"embeddable":true,"href":"https:\/\/healthpros-h2020.eu\/index.php?rest_route=%2Fwp%2Fv2%2Fcomments&post=104"}],"version-history":[{"count":8,"href":"https:\/\/healthpros-h2020.eu\/index.php?rest_route=\/wp\/v2\/pages\/104\/revisions"}],"predecessor-version":[{"id":132,"href":"https:\/\/healthpros-h2020.eu\/index.php?rest_route=\/wp\/v2\/pages\/104\/revisions\/132"}],"wp:attachment":[{"href":"https:\/\/healthpros-h2020.eu\/index.php?rest_route=%2Fwp%2Fv2%2Fmedia&parent=104"}],"curies":[{"name":"wp","href":"https:\/\/api.w.org\/{rel}","templated":true}]}}